{"id":1371,"date":"2015-07-16T09:12:51","date_gmt":"2015-07-16T09:12:51","guid":{"rendered":"https:\/\/laragroup.com.tr\/contact\/"},"modified":"2026-03-02T06:44:27","modified_gmt":"2026-03-02T06:44:27","slug":"contact","status":"publish","type":"page","link":"https:\/\/laragroup.com.tr\/en\/contact\/","title":{"rendered":"Contact"},"content":{"rendered":"<div id='av-layout-grid-1'  class='av-layout-grid-container av-3qz2tg-ecd0f855c3b4667dd63ed48c285d92be entry-content-wrapper main_color av-flex-cells  avia-builder-el-0  avia-builder-el-no-sibling   container_wrap fullsize'  >\n\n<style type=\"text\/css\" data-created_by=\"avia_inline_auto\" id=\"style-css-av-3mbds4-ca9d3c853d83a4a545c1be27e2621532\">\n.flex_cell.av-3mbds4-ca9d3c853d83a4a545c1be27e2621532{\nvertical-align:middle;\nheight:430px;\nmin-height:430px;\nbackground-color:#f7f7f7;\n}\n.responsive #top #wrap_all .flex_cell.av-3mbds4-ca9d3c853d83a4a545c1be27e2621532{\npadding:30px 100px 30px 100px !important;\n}\n<\/style>\n<div class='flex_cell av-3mbds4-ca9d3c853d83a4a545c1be27e2621532 av-gridrow-cell av_one_full no_margin  avia-builder-el-1  avia-builder-el-no-sibling  content-align-middle avia-full-stretch'  ><div class='flex_cell_inner'><p>\n<style type=\"text\/css\" data-created_by=\"avia_inline_auto\" id=\"style-css-av-3cc3d8-7fd8a1e59ba4896e1ec453cde7b8d8dc\">\n.flex_column.av-3cc3d8-7fd8a1e59ba4896e1ec453cde7b8d8dc{\nborder-radius:0px 0px 0px 0px;\npadding:0px 0px 0px 0px;\n}\n<\/style>\n<div  class='flex_column av-3cc3d8-7fd8a1e59ba4896e1ec453cde7b8d8dc av_one_half  avia-builder-el-2  el_before_av_one_half  avia-builder-el-first  first flex_column_div av-animated-generic bottom-to-top av-zero-column-padding  '     ><p>\n<style type=\"text\/css\" data-created_by=\"avia_inline_auto\" id=\"style-css-av-39tfh8-75550095d7a18389759d5b87e007c729\">\n#top .av-special-heading.av-39tfh8-75550095d7a18389759d5b87e007c729{\npadding-bottom:10px;\n}\nbody .av-special-heading.av-39tfh8-75550095d7a18389759d5b87e007c729 .av-special-heading-tag .heading-char{\nfont-size:25px;\n}\n.av-special-heading.av-39tfh8-75550095d7a18389759d5b87e007c729 .av-subheading{\nfont-size:15px;\n}\n<\/style>\n<div  class='av-special-heading av-39tfh8-75550095d7a18389759d5b87e007c729 av-special-heading-h3 blockquote modern-quote  avia-builder-el-3  el_before_av_textblock  avia-builder-el-first '><h3 class='av-special-heading-tag '  itemprop=\"headline\"  >Contact<\/h3><div class=\"special-heading-border\"><div class=\"special-heading-inner-border\"><\/div><\/div><\/div><br \/>\n<section  class='av_textblock_section av-b6144-d99b6152473a4006c212efe13acac33d '   itemscope=\"itemscope\" itemtype=\"https:\/\/schema.org\/CreativeWork\" ><div class='avia_textblock'  itemprop=\"text\" ><p><strong>Adres:<\/strong><br \/>Demirci Mh. Ah\u0131ska Cd.<br \/>Pratik Kaynak Merkezi<br \/>No.195\/1 \u0130\u00e7 Kap\u0131 1<br \/>Nil\u00fcfer\/BURSA T\u00fcrkiye<\/p>\n<p><strong>T.+90 532 375 98 35<\/strong><br \/><strong>info@laragroup.com.tr<\/strong><\/p>\n<\/div><\/section><\/p><\/div>\n<style type=\"text\/css\" data-created_by=\"avia_inline_auto\" id=\"style-css-av-8xyec-ca2d84daa0dcdddb82df51242ea13657\">\n.flex_column.av-8xyec-ca2d84daa0dcdddb82df51242ea13657{\nborder-radius:0px 0px 0px 0px;\npadding:0px 0px 0px 0px;\n}\n<\/style>\n<div  class='flex_column av-8xyec-ca2d84daa0dcdddb82df51242ea13657 av_one_half  avia-builder-el-5  el_after_av_one_half  avia-builder-el-last  flex_column_div av-animated-generic bottom-to-top av-zero-column-padding  '     ><p>\n<style type=\"text\/css\" data-created_by=\"avia_inline_auto\" id=\"style-css-av-22c1b8-e85d524dea0afc9822aeac0a7381b4af\">\n#top .av-special-heading.av-22c1b8-e85d524dea0afc9822aeac0a7381b4af{\npadding-bottom:10px;\n}\nbody .av-special-heading.av-22c1b8-e85d524dea0afc9822aeac0a7381b4af .av-special-heading-tag .heading-char{\nfont-size:25px;\n}\n.av-special-heading.av-22c1b8-e85d524dea0afc9822aeac0a7381b4af .av-subheading{\nfont-size:15px;\n}\n<\/style>\n<div  class='av-special-heading av-22c1b8-e85d524dea0afc9822aeac0a7381b4af av-special-heading-h3 blockquote modern-quote modern-centered  avia-builder-el-6  el_before_av_hr  avia-builder-el-first '><h3 class='av-special-heading-tag '  itemprop=\"headline\"  >CONTACT FORM<\/h3><div class=\"special-heading-border\"><div class=\"special-heading-inner-border\"><\/div><\/div><\/div><br \/>\n\n<style type=\"text\/css\" data-created_by=\"avia_inline_auto\" id=\"style-css-av-mm7xd6c5-95eb5fd0c47f610f808a0c765ba2c7ac\">\n#top .hr.hr-invisible.av-mm7xd6c5-95eb5fd0c47f610f808a0c765ba2c7ac{\nheight:50px;\n}\n<\/style>\n<div  class='hr av-mm7xd6c5-95eb5fd0c47f610f808a0c765ba2c7ac hr-invisible  avia-builder-el-7  el_after_av_heading  el_before_av_contact '><span class='hr-inner '><span class=\"hr-inner-style\"><\/span><\/span><\/div><br \/>\n<form action=\"https:\/\/laragroup.com.tr\/en\/contact\/\" method=\"post\" data-fields-with-error=\"Found errors in the following field(s):\" class=\"avia_ajax_form av-form-labels-hidden   avia-builder-el-8  el_after_av_hr  avia-builder-el-last  av-centered-form   \" data-avia-form-id=\"1\" data-avia-redirect=''  aria-label='Kontakt Formu' ><fieldset><p class='  first_form  form_element form_element_third' id='element_avia_1_1'><label for=\"avia_1_1\">Name <abbr class=\"required\" title=\"required\">*<\/abbr><\/label> <input name=\"avia_1_1\" class=\"text_input is_empty\" type=\"text\" id=\"avia_1_1\" value=\"\"  placeholder='Name*'\/><\/p><p class='  form_element form_element_third' id='element_avia_2_1'><label for=\"avia_2_1\">E-Mail <abbr class=\"required\" title=\"required\">*<\/abbr><\/label> <input name=\"avia_2_1\" class=\"text_input is_email\" type=\"text\" id=\"avia_2_1\" value=\"\"  placeholder='E-Mail*'\/><\/p><p class='  form_element form_element_third' id='element_avia_3_1'><label for=\"avia_3_1\">Subject <abbr class=\"required\" title=\"required\">*<\/abbr><\/label> <input name=\"avia_3_1\" class=\"text_input is_empty\" type=\"text\" id=\"avia_3_1\" value=\"\"  placeholder='Subject*'\/><\/p><p class='  first_form  form_element form_fullwidth av-last-visible-form-element' id='element_avia_4_1'><label for=\"avia_4_1\" class=\"textare_label hidden textare_label_avia_4_1\">Message <abbr class=\"required\" title=\"required\">*<\/abbr><\/label><textarea  placeholder='Message*' name=\"avia_4_1\" class=\"text_area is_empty\" cols=\"40\" rows=\"7\" id=\"avia_4_1\" ><\/textarea><\/p><p class=\"hidden\"><input type=\"text\" name=\"avia_5_1\" class=\"hidden \" id=\"avia_5_1\" value=\"\" \/><\/p><p class=\"form_element \"><input type=\"hidden\" value=\"1\" name=\"avia_generated_form1\" \/><input type=\"submit\" value=\"SUBMIT\" class=\"button\"  data-sending-label=\"Sending\"\/><\/p><\/fieldset><\/form><div id=\"ajaxresponse_1\" class=\"ajaxresponse ajaxresponse_1 hidden\"><\/div><\/p><\/div><\/p>\n<\/div><\/div><\/div>\n","protected":false},"excerpt":{"rendered":"","protected":false},"author":1,"featured_media":0,"parent":0,"menu_order":0,"comment_status":"open","ping_status":"open","template":"","meta":{"footnotes":""},"class_list":["post-1371","page","type-page","status-publish","hentry"],"_hostinger_reach_plugin_has_subscription_block":false,"_hostinger_reach_plugin_is_elementor":false,"_links":{"self":[{"href":"https:\/\/laragroup.com.tr\/en\/wp-json\/wp\/v2\/pages\/1371","targetHints":{"allow":["GET"]}}],"collection":[{"href":"https:\/\/laragroup.com.tr\/en\/wp-json\/wp\/v2\/pages"}],"about":[{"href":"https:\/\/laragroup.com.tr\/en\/wp-json\/wp\/v2\/types\/page"}],"author":[{"embeddable":true,"href":"https:\/\/laragroup.com.tr\/en\/wp-json\/wp\/v2\/users\/1"}],"replies":[{"embeddable":true,"href":"https:\/\/laragroup.com.tr\/en\/wp-json\/wp\/v2\/comments?post=1371"}],"version-history":[{"count":2,"href":"https:\/\/laragroup.com.tr\/en\/wp-json\/wp\/v2\/pages\/1371\/revisions"}],"predecessor-version":[{"id":1374,"href":"https:\/\/laragroup.com.tr\/en\/wp-json\/wp\/v2\/pages\/1371\/revisions\/1374"}],"wp:attachment":[{"href":"https:\/\/laragroup.com.tr\/en\/wp-json\/wp\/v2\/media?parent=1371"}],"curies":[{"name":"wp","href":"https:\/\/api.w.org\/{rel}","templated":true}]}}