{"id":1398,"date":"2026-01-01T11:53:37","date_gmt":"2026-01-01T11:53:37","guid":{"rendered":"https:\/\/laragroup.com.tr\/unsere-vision\/"},"modified":"2026-03-02T07:05:35","modified_gmt":"2026-03-02T07:05:35","slug":"unsere-vision","status":"publish","type":"page","link":"https:\/\/laragroup.com.tr\/de\/unsere-vision\/","title":{"rendered":"Unsere Vision"},"content":{"rendered":"\n<style type=\"text\/css\" data-created_by=\"avia_inline_auto\" id=\"style-css-av-mjvc4wrq-9b5319df108fbb1912aff30373ae4af8\">\n.avia-section.av-mjvc4wrq-9b5319df108fbb1912aff30373ae4af8{\nbackground-repeat:no-repeat;\nbackground-image:url(https:\/\/laragroup.com.tr\/wp-content\/uploads\/2026\/01\/Vizyon-header-scaled.webp);\nbackground-position:50% 0%;\nbackground-attachment:scroll;\n}\n<\/style>\n<div id='av_section_1'  class='avia-section av-mjvc4wrq-9b5319df108fbb1912aff30373ae4af8 main_color avia-section-default avia-no-border-styling  avia-builder-el-0  el_before_av_one_full  avia-builder-el-first  avia-full-stretch avia-bg-style-scroll av-minimum-height av-minimum-height-50 av-height-50  container_wrap fullsize'  data-section-bg-repeat='stretch' data-av_minimum_height_pc='50' data-av_min_height_opt='50'><div class='container av-section-cont-open' ><main  role=\"main\" itemprop=\"mainContentOfPage\"  class='template-page content  av-content-full alpha units'><div class='post-entry post-entry-type-page post-entry-1398'><div class='entry-content-wrapper clearfix'><\/div><\/div><\/main><!-- close content main element --><\/div><\/div><div id='after_section_1'  class='main_color av_default_container_wrap container_wrap fullsize'  ><div class='container av-section-cont-open' ><div class='template-page content  av-content-full alpha units'><div class='post-entry post-entry-type-page post-entry-1398'><div class='entry-content-wrapper clearfix'>\n\n<style type=\"text\/css\" data-created_by=\"avia_inline_auto\" id=\"style-css-av-1iqvia-aa71a02a1b2e7f9cd911f900388a1668\">\n.flex_column.av-1iqvia-aa71a02a1b2e7f9cd911f900388a1668{\nborder-radius:0px 0px 0px 0px;\npadding:0px 0px 0px 0px;\n}\n<\/style>\n<div  class='flex_column av-1iqvia-aa71a02a1b2e7f9cd911f900388a1668 av_one_full  avia-builder-el-1  el_after_av_section  avia-builder-el-no-sibling  first flex_column_div av-animated-generic bottom-to-top av-zero-column-padding  '     ><p>\n<style type=\"text\/css\" data-created_by=\"avia_inline_auto\" id=\"style-css-av-1dsct6-2bab7cf234cd5ab21b01d92bec88239b\">\n#top .av-special-heading.av-1dsct6-2bab7cf234cd5ab21b01d92bec88239b{\npadding-bottom:10px;\ncolor:#fd3209;\n}\nbody .av-special-heading.av-1dsct6-2bab7cf234cd5ab21b01d92bec88239b .av-special-heading-tag .heading-char{\nfont-size:25px;\n}\n.av-special-heading.av-1dsct6-2bab7cf234cd5ab21b01d92bec88239b .special-heading-inner-border{\nborder-color:#fd3209;\n}\n.av-special-heading.av-1dsct6-2bab7cf234cd5ab21b01d92bec88239b .av-subheading{\nfont-size:15px;\n}\n<\/style>\n<div  class='av-special-heading av-1dsct6-2bab7cf234cd5ab21b01d92bec88239b av-special-heading-h1 custom-color-heading blockquote modern-quote  avia-builder-el-2  el_before_av_textblock  avia-builder-el-first '><h1 class='av-special-heading-tag '  itemprop=\"headline\"  >Lara Group- <b>Unsere Vision<\/h1><div class=\"special-heading-border\"><div class=\"special-heading-inner-border\"><\/div><\/div><\/div><br \/>\n\n<style type=\"text\/css\" data-created_by=\"avia_inline_auto\" id=\"style-css-av-4h6l6-babc814a2038db5c5f471d6780680438\">\n#top .av_textblock_section.av-4h6l6-babc814a2038db5c5f471d6780680438 .avia_textblock{\nfont-size:16px;\ncolor:#c9c9c9;\n}\n<\/style>\n<section  class='av_textblock_section av-4h6l6-babc814a2038db5c5f471d6780680438 '   itemscope=\"itemscope\" itemtype=\"https:\/\/schema.org\/CreativeWork\" ><div class='avia_textblock av_inherit_color'  itemprop=\"text\" ><p>Als Lara Group ist es unsere Vision, im Bereich der Medizintechnologien zu den f\u00fchrenden Unternehmen in der T\u00fcrkei zu geh\u00f6ren und auf dem internationalen Markt als zuverl\u00e4ssige und bevorzugte Marke anerkannt zu werden. Insbesondere mit unseren innovativen L\u00f6sungen in den Bereichen Hals-Nasen-Ohren-Heilkunde (HNO), Allgemeinchirurgie und Neurochirurgie streben wir danach, die Transformation des Gesundheitssektors aktiv mitzugestalten.<\/p>\n<p>Die Gesundheitssysteme der Zukunft werden ma\u00dfgeblich durch technologische Entwicklungen gepr\u00e4gt. Als Teil dieses Wandels handeln wir mit Weitblick und ber\u00fccksichtigen nicht nur die Anforderungen von heute, sondern auch die Bed\u00fcrfnisse von morgen. Mit der Bedeutung, die wir Forschung und Innovation beimessen, entwickeln wir Produkte, die L\u00f6sungen f\u00fcr die Herausforderungen von Gesundheitsfachkr\u00e4ften bieten und gleichzeitig die Patientensicherheit sowie die Wirksamkeit von Behandlungen erh\u00f6hen.<\/p>\n<p>Im Mittelpunkt unserer Vision stehen unsere Verantwortung gegen\u00fcber der menschlichen Gesundheit und unser Engagement f\u00fcr Qualit\u00e4t. Im Bewusstsein, dass jedes von uns gelieferte Produkt ein Leben beeinflussen kann, bevorzugen wir ausschlie\u00dflich Medizintechnologien, deren Zuverl\u00e4ssigkeit nachgewiesen ist und die internationalen Standards entsprechen.<\/p>\n<p>Dar\u00fcber hinaus entwickeln wir im Zuge der fortschreitenden Digitalisierung kontinuierlich unsere digitale Infrastruktur weiter, um nachhaltiges Wachstum zu gew\u00e4hrleisten und die Kundenerfahrung zu verbessern. Mit Schulungen, technischem Support und umfassenden After-Sales-Services bieten wir nicht nur Produkte, sondern ein ganzheitliches Serviceverst\u00e4ndnis, das uns im Markt differenziert.<\/p>\n<p>Mit ihrem Bekenntnis zu ethischen Werten, Innovationskraft und einem menschenorientierten Ansatz verfolgt die Lara Group das Ziel, im Gesundheitssektor eine nachhaltige Wirkung zu erzielen und zu einer ges\u00fcnderen Zukunft beizutragen.<\/p>\n<\/div><\/section><\/p><\/div>\n","protected":false},"excerpt":{"rendered":"","protected":false},"author":1,"featured_media":0,"parent":0,"menu_order":0,"comment_status":"open","ping_status":"closed","template":"","meta":{"footnotes":""},"class_list":["post-1398","page","type-page","status-publish","hentry"],"_hostinger_reach_plugin_has_subscription_block":false,"_hostinger_reach_plugin_is_elementor":false,"_links":{"self":[{"href":"https:\/\/laragroup.com.tr\/de\/wp-json\/wp\/v2\/pages\/1398","targetHints":{"allow":["GET"]}}],"collection":[{"href":"https:\/\/laragroup.com.tr\/de\/wp-json\/wp\/v2\/pages"}],"about":[{"href":"https:\/\/laragroup.com.tr\/de\/wp-json\/wp\/v2\/types\/page"}],"author":[{"embeddable":true,"href":"https:\/\/laragroup.com.tr\/de\/wp-json\/wp\/v2\/users\/1"}],"replies":[{"embeddable":true,"href":"https:\/\/laragroup.com.tr\/de\/wp-json\/wp\/v2\/comments?post=1398"}],"version-history":[{"count":2,"href":"https:\/\/laragroup.com.tr\/de\/wp-json\/wp\/v2\/pages\/1398\/revisions"}],"predecessor-version":[{"id":1401,"href":"https:\/\/laragroup.com.tr\/de\/wp-json\/wp\/v2\/pages\/1398\/revisions\/1401"}],"wp:attachment":[{"href":"https:\/\/laragroup.com.tr\/de\/wp-json\/wp\/v2\/media?parent=1398"}],"curies":[{"name":"wp","href":"https:\/\/api.w.org\/{rel}","templated":true}]}}