{"id":1389,"date":"2026-01-01T11:46:02","date_gmt":"2026-01-01T11:46:02","guid":{"rendered":"https:\/\/laragroup.com.tr\/unsere-mission\/"},"modified":"2026-03-02T07:01:31","modified_gmt":"2026-03-02T07:01:31","slug":"unsere-mission","status":"publish","type":"page","link":"https:\/\/laragroup.com.tr\/de\/unsere-mission\/","title":{"rendered":"Unsere Mission"},"content":{"rendered":"\n<style type=\"text\/css\" data-created_by=\"avia_inline_auto\" id=\"style-css-av-mjvc4wrq-972e7e9fa6693ef5977f2c297b14b7cc\">\n.avia-section.av-mjvc4wrq-972e7e9fa6693ef5977f2c297b14b7cc{\nbackground-repeat:no-repeat;\nbackground-image:url(https:\/\/laragroup.com.tr\/wp-content\/uploads\/2026\/01\/Misyon-header-scaled.webp);\nbackground-position:50% 0%;\nbackground-attachment:scroll;\n}\n<\/style>\n<div id='av_section_1'  class='avia-section av-mjvc4wrq-972e7e9fa6693ef5977f2c297b14b7cc main_color avia-section-default avia-no-border-styling  avia-builder-el-0  el_before_av_one_full  avia-builder-el-first  avia-full-stretch avia-bg-style-scroll av-minimum-height av-minimum-height-50 av-height-50  container_wrap fullsize'  data-section-bg-repeat='stretch' data-av_minimum_height_pc='50' data-av_min_height_opt='50'><div class='container av-section-cont-open' ><main  role=\"main\" itemprop=\"mainContentOfPage\"  class='template-page content  av-content-full alpha units'><div class='post-entry post-entry-type-page post-entry-1389'><div class='entry-content-wrapper clearfix'><\/div><\/div><\/main><!-- close content main element --><\/div><\/div><div id='after_section_1'  class='main_color av_default_container_wrap container_wrap fullsize'  ><div class='container av-section-cont-open' ><div class='template-page content  av-content-full alpha units'><div class='post-entry post-entry-type-page post-entry-1389'><div class='entry-content-wrapper clearfix'>\n\n<style type=\"text\/css\" data-created_by=\"avia_inline_auto\" id=\"style-css-av-1iqvia-aa71a02a1b2e7f9cd911f900388a1668\">\n.flex_column.av-1iqvia-aa71a02a1b2e7f9cd911f900388a1668{\nborder-radius:0px 0px 0px 0px;\npadding:0px 0px 0px 0px;\n}\n<\/style>\n<div  class='flex_column av-1iqvia-aa71a02a1b2e7f9cd911f900388a1668 av_one_full  avia-builder-el-1  el_after_av_section  avia-builder-el-no-sibling  first flex_column_div av-animated-generic bottom-to-top av-zero-column-padding  '     ><p>\n<style type=\"text\/css\" data-created_by=\"avia_inline_auto\" id=\"style-css-av-1dsct6-5f4391de269be6624f88df1a20183c94\">\n#top .av-special-heading.av-1dsct6-5f4391de269be6624f88df1a20183c94{\npadding-bottom:10px;\ncolor:#fd3209;\n}\nbody .av-special-heading.av-1dsct6-5f4391de269be6624f88df1a20183c94 .av-special-heading-tag .heading-char{\nfont-size:25px;\n}\n.av-special-heading.av-1dsct6-5f4391de269be6624f88df1a20183c94 .special-heading-inner-border{\nborder-color:#fd3209;\n}\n.av-special-heading.av-1dsct6-5f4391de269be6624f88df1a20183c94 .av-subheading{\nfont-size:15px;\n}\n<\/style>\n<div  class='av-special-heading av-1dsct6-5f4391de269be6624f88df1a20183c94 av-special-heading-h1 custom-color-heading blockquote modern-quote  avia-builder-el-2  el_before_av_textblock  avia-builder-el-first '><h1 class='av-special-heading-tag '  itemprop=\"headline\"  >Lara Group- <b>Unsere Mission<\/h1><div class=\"special-heading-border\"><div class=\"special-heading-inner-border\"><\/div><\/div><\/div><br \/>\n\n<style type=\"text\/css\" data-created_by=\"avia_inline_auto\" id=\"style-css-av-4h6l6-babc814a2038db5c5f471d6780680438\">\n#top .av_textblock_section.av-4h6l6-babc814a2038db5c5f471d6780680438 .avia_textblock{\nfont-size:16px;\ncolor:#c9c9c9;\n}\n<\/style>\n<section  class='av_textblock_section av-4h6l6-babc814a2038db5c5f471d6780680438 '   itemscope=\"itemscope\" itemtype=\"https:\/\/schema.org\/CreativeWork\" ><div class='avia_textblock av_inherit_color'  itemprop=\"text\" ><p>Als Lara Group besteht unsere Mission darin, die vom Gesundheitssektor ben\u00f6tigten hochmodernen medizinischen Produkte unter Wahrung der Prinzipien von Zuverl\u00e4ssigkeit und Qualit\u00e4t mit Gesundheitsfachkr\u00e4ften zusammenzubringen. Durch unsere Spezialisierung insbesondere auf die Bereiche Hals-Nasen-Ohren-Heilkunde (HNO), Allgemeinchirurgie und Neurochirurgie verfolgen wir das Ziel, Diagnose- und Behandlungsprozesse in diesen Fachgebieten effektiver, sicherer und effizienter zu gestalten.<\/p>\n<p>Wir verfolgen die rasanten Entwicklungen im Bereich der Medizintechnologien aufmerksam und bringen die neuesten Produkte weltweit anerkannter Marken in den t\u00fcrkischen Gesundheitssektor. Dabei beschr\u00e4nken wir uns nicht nur auf die Produktlieferung, sondern stehen Gesundheitsfachkr\u00e4ften auch mit technischem Support, Anwenderschulungen und umfassenden After-Sales-Services zur Seite.<\/p>\n<p>Im Mittelpunkt unserer Mission stehen unser tief empfundener Respekt vor der menschlichen Gesundheit und unsere Verpflichtung zu ethischen Werten. Im Bewusstsein, dass jedes einzelne unserer Produkte die Lebensqualit\u00e4t eines Patienten verbessern kann, streben wir danach, L\u00f6sungen anzubieten, die sowohl die Arbeit von Gesundheitsfachkr\u00e4ften erleichtern als auch den Patienten eine bessere Lebensqualit\u00e4t erm\u00f6glichen.<\/p>\n<p>Im Einklang mit unserem Verst\u00e4ndnis von Nachhaltigkeit und gesellschaftlicher Verantwortung bevorzugen wir zudem umweltfreundliche und langlebige Produkte und arbeiten kontinuierlich daran, innovative L\u00f6sungen zu entwickeln, die einen nachhaltigen Beitrag zum Gesundheitssystem leisten.<\/p>\n<p>Als verl\u00e4sslicher L\u00f6sungspartner des Gesundheitssektors hat es sich die Lara Group zur Aufgabe gemacht, Qualit\u00e4t, Innovation und einen menschenorientierten Ansatz zu vereinen und so zu einer ges\u00fcnderen Zukunft beizutragen.<\/p>\n<\/div><\/section><\/p><\/div>\n","protected":false},"excerpt":{"rendered":"","protected":false},"author":1,"featured_media":0,"parent":0,"menu_order":0,"comment_status":"open","ping_status":"closed","template":"","meta":{"footnotes":""},"class_list":["post-1389","page","type-page","status-publish","hentry"],"_hostinger_reach_plugin_has_subscription_block":false,"_hostinger_reach_plugin_is_elementor":false,"_links":{"self":[{"href":"https:\/\/laragroup.com.tr\/de\/wp-json\/wp\/v2\/pages\/1389","targetHints":{"allow":["GET"]}}],"collection":[{"href":"https:\/\/laragroup.com.tr\/de\/wp-json\/wp\/v2\/pages"}],"about":[{"href":"https:\/\/laragroup.com.tr\/de\/wp-json\/wp\/v2\/types\/page"}],"author":[{"embeddable":true,"href":"https:\/\/laragroup.com.tr\/de\/wp-json\/wp\/v2\/users\/1"}],"replies":[{"embeddable":true,"href":"https:\/\/laragroup.com.tr\/de\/wp-json\/wp\/v2\/comments?post=1389"}],"version-history":[{"count":2,"href":"https:\/\/laragroup.com.tr\/de\/wp-json\/wp\/v2\/pages\/1389\/revisions"}],"predecessor-version":[{"id":1392,"href":"https:\/\/laragroup.com.tr\/de\/wp-json\/wp\/v2\/pages\/1389\/revisions\/1392"}],"wp:attachment":[{"href":"https:\/\/laragroup.com.tr\/de\/wp-json\/wp\/v2\/media?parent=1389"}],"curies":[{"name":"wp","href":"https:\/\/api.w.org\/{rel}","templated":true}]}}