{"id":1384,"date":"2015-07-16T09:12:44","date_gmt":"2015-07-16T09:12:44","guid":{"rendered":"https:\/\/laragroup.com.tr\/ueber-uns\/"},"modified":"2026-03-02T07:00:19","modified_gmt":"2026-03-02T07:00:19","slug":"ueber-uns","status":"publish","type":"page","link":"https:\/\/laragroup.com.tr\/de\/ueber-uns\/","title":{"rendered":"\u00dcber Uns"},"content":{"rendered":"\n<style type=\"text\/css\" data-created_by=\"avia_inline_auto\" id=\"style-css-av-mjvc4wrq-e4932727df567cc8c4a5fc715986f3d7\">\n.avia-section.av-mjvc4wrq-e4932727df567cc8c4a5fc715986f3d7{\nbackground-repeat:no-repeat;\nbackground-image:url(https:\/\/laragroup.com.tr\/wp-content\/uploads\/2026\/01\/hakkimizda-header1-scaled.webp);\nbackground-position:50% 0%;\nbackground-attachment:scroll;\n}\n<\/style>\n<div id='av_section_1'  class='avia-section av-mjvc4wrq-e4932727df567cc8c4a5fc715986f3d7 main_color avia-section-default avia-no-border-styling  avia-builder-el-0  el_before_av_heading  avia-builder-el-first  avia-full-stretch avia-bg-style-scroll av-minimum-height av-minimum-height-50 av-height-50  container_wrap fullsize'  data-section-bg-repeat='stretch' data-av_minimum_height_pc='50' data-av_min_height_opt='50'><div class='container av-section-cont-open' ><main  role=\"main\" itemprop=\"mainContentOfPage\"  class='template-page content  av-content-full alpha units'><div class='post-entry post-entry-type-page post-entry-1384'><div class='entry-content-wrapper clearfix'><\/div><\/div><\/main><!-- close content main element --><\/div><\/div><div id='after_section_1'  class='main_color av_default_container_wrap container_wrap fullsize'  ><div class='container av-section-cont-open' ><div class='template-page content  av-content-full alpha units'><div class='post-entry post-entry-type-page post-entry-1384'><div class='entry-content-wrapper clearfix'>\n\n<style type=\"text\/css\" data-created_by=\"avia_inline_auto\" id=\"style-css-av-1dsct6-2ddbcdd4eaa36c425ca8f26c5014cc4f\">\n#top .av-special-heading.av-1dsct6-2ddbcdd4eaa36c425ca8f26c5014cc4f{\npadding-bottom:10px;\ncolor:#fd3209;\nfont-size:45px;\n}\nbody .av-special-heading.av-1dsct6-2ddbcdd4eaa36c425ca8f26c5014cc4f .av-special-heading-tag .heading-char{\nfont-size:25px;\n}\n#top #wrap_all .av-special-heading.av-1dsct6-2ddbcdd4eaa36c425ca8f26c5014cc4f .av-special-heading-tag{\nfont-size:45px;\n}\n.av-special-heading.av-1dsct6-2ddbcdd4eaa36c425ca8f26c5014cc4f .special-heading-inner-border{\nborder-color:#fd3209;\n}\n.av-special-heading.av-1dsct6-2ddbcdd4eaa36c425ca8f26c5014cc4f .av-subheading{\nfont-size:15px;\n}\n\n@media only screen and (min-width: 480px) and (max-width: 767px){ \n#top #wrap_all .av-special-heading.av-1dsct6-2ddbcdd4eaa36c425ca8f26c5014cc4f .av-special-heading-tag{\nfont-size:0.8em;\n}\n}\n\n@media only screen and (max-width: 479px){ \n#top #wrap_all .av-special-heading.av-1dsct6-2ddbcdd4eaa36c425ca8f26c5014cc4f .av-special-heading-tag{\nfont-size:0.8em;\n}\n}\n<\/style>\n<div  class='av-special-heading av-1dsct6-2ddbcdd4eaa36c425ca8f26c5014cc4f av-special-heading-h1 custom-color-heading blockquote modern-quote  avia-builder-el-1  el_after_av_section  el_before_av_textblock  avia-builder-el-first  av-inherit-size'><h1 class='av-special-heading-tag '  itemprop=\"headline\"  >Lara Group \u2013 <b>\u00dcber uns<\/b><\/h1><div class=\"special-heading-border\"><div class=\"special-heading-inner-border\"><\/div><\/div><\/div>\n\n<style type=\"text\/css\" data-created_by=\"avia_inline_auto\" id=\"style-css-av-mjvd3qtt-867d5551689bc85608f31065fe2d97fc\">\n#top .av_textblock_section.av-mjvd3qtt-867d5551689bc85608f31065fe2d97fc .avia_textblock{\nfont-size:16px;\ncolor:#c9c9c9;\n}\n<\/style>\n<section  class='av_textblock_section av-mjvd3qtt-867d5551689bc85608f31065fe2d97fc '   itemscope=\"itemscope\" itemtype=\"https:\/\/schema.org\/CreativeWork\" ><div class='avia_textblock av_inherit_color'  itemprop=\"text\" ><p>Die Lara Group ist ein Medizintechnikunternehmen, das im Bereich der Medizintechnologien t\u00e4tig ist und mit innovativen L\u00f6sungen einen Mehrwert f\u00fcr den Gesundheitssektor schaffen m\u00f6chte. Seit unserer Gr\u00fcndung handeln wir mit einem Ansatz, der den Menschen und seine Gesundheit in den Mittelpunkt stellt, und bringen hochmoderne medizinische Produkte mit Gesundheitsfachkr\u00e4ften zusammen. Insbesondere durch unsere Spezialisierung auf die Bereiche Hals-Nasen-Ohren-Heilkunde (HNO), Allgemeinchirurgie und Neurochirurgie liefern wir hochwertige Ger\u00e4te und Verbrauchsmaterialien, die auf die spezifischen Anforderungen dieser Fachrichtungen zugeschnitten sind.<\/p>\n<p>Der Gesundheitssektor ist von einer sich st\u00e4ndig weiterentwickelnden und wandelnden Struktur gepr\u00e4gt. Mit dieser Dynamik Schritt zu halten, bedeutet nicht nur, technologische Entwicklungen zu verfolgen, sondern diese auch effektiv in die Praxis zu integrieren. Als Lara Group handeln wir mit diesem Bewusstsein und \u00fcbernehmen die Distribution weltweit anerkannter und zuverl\u00e4ssiger Marken, um die neuesten medizinischen L\u00f6sungen Gesundheitseinrichtungen in der T\u00fcrkei zug\u00e4nglich zu machen. Unser Produktportfolio ist in Umfang und Vielfalt so gestaltet, dass es sowohl die Bed\u00fcrfnisse \u00f6ffentlicher als auch privater Gesundheitseinrichtungen abdeckt.<\/p>\n<p>Im Bereich HNO bieten wir eine Vielzahl von Produktgruppen an \u2013 von endoskopischen Systemen \u00fcber Operationsmikroskope bis hin zu chirurgischen Instrumenten und Absaugger\u00e4ten. Diese Produkte zielen darauf ab, sowohl in Diagnose- als auch in Behandlungsprozessen h\u00f6chste Pr\u00e4zision und Effizienz zu gew\u00e4hrleisten und damit die Patientenzufriedenheit zu steigern. In der Allgemeinchirurgie stellen wir L\u00f6sungen f\u00fcr moderne chirurgische Anwendungen bereit, darunter laparoskopische Instrumente, Energieger\u00e4te und Staplersysteme. Diese Produkte kommen in einem breiten Spektrum zum Einsatz \u2013 von minimalinvasiven Eingriffen bis hin zu offenen Operationen \u2013 und erleichtern die Arbeit der Chirurgen erheblich.<\/p>\n<p>Die Neurochirurgie ist ein Fachbereich, der h\u00f6chste Pr\u00e4zision und fortschrittliche Technologie erfordert. Als Lara Group f\u00fchren wir in diesem Bereich zahlreiche kritische Produkte in unserem Portfolio \u2013 von Mikroneurochirurgie-Instrumenten \u00fcber Kraniotomiesysteme und Neuronavigationsl\u00f6sungen bis hin zu Gewebeklebstoffen. Diese Produkte sollen den operativen Erfolg der Chirurgen steigern und gleichzeitig ein H\u00f6chstma\u00df an Patientensicherheit gew\u00e4hrleisten.<\/p>\n<p>Neben unseren Produkten setzen wir mit unseren technischen Support- und Schulungsleistungen Ma\u00dfst\u00e4be. Damit Gesundheitsfachkr\u00e4fte unsere Produkte optimal nutzen k\u00f6nnen, bieten wir regelm\u00e4\u00dfige Schulungen, Produktpr\u00e4sentationen und praxisorientierte Unterst\u00fctzung an. Dar\u00fcber hinaus stehen wir unseren Kunden auch nach dem Verkauf jederzeit zur Seite. Mit schnellem technischem Service, Ersatzteilversorgung und Beratungsleistungen sichern wir eine langlebige und sichere Nutzung unserer Produkte.<\/p>\n<p>Zu den grundlegenden Werten der Lara Group z\u00e4hlen Vertrauen, Qualit\u00e4t, Innovationskraft und ethische Verantwortung. In all unseren Gesch\u00e4ftsprozessen handeln wir nach den Prinzipien der Transparenz und Ehrlichkeit und streben langfristige Partnerschaften mit unseren Kunden an. Die Einhaltung von Qualit\u00e4tsstandards, die vollst\u00e4ndige Konformit\u00e4t mit nationalen und internationalen Vorschriften sowie das Prinzip der kontinuierlichen Verbesserung sind feste Bestandteile unserer Unternehmenskultur.<\/p>\n<p>Unsere Vision f\u00fcr die Zukunft ist es, im Bereich der Medizintechnologien zu den f\u00fchrenden Unternehmen in der T\u00fcrkei zu geh\u00f6ren und zugleich eine international anerkannte und bevorzugte Marke zu werden. Mit der Bedeutung, die wir Forschung und Innovation beimessen, entwickeln wir weiterhin ma\u00dfgeschneiderte L\u00f6sungen f\u00fcr die Bed\u00fcrfnisse des Gesundheitssektors. Mit unserem Ansatz, Technologie als Instrument f\u00fcr die menschliche Gesundheit zu verstehen, arbeiten wir an einer ges\u00fcnderen Zukunft.<\/p>\n<p>Als Lara Group sind wir stolz darauf, zur Weiterentwicklung des Gesundheitssektors beizutragen und L\u00f6sungen zu schaffen, die das Leben von Menschen nachhaltig ber\u00fchren.<\/p>\n<\/div><\/section>\n","protected":false},"excerpt":{"rendered":"","protected":false},"author":1,"featured_media":0,"parent":0,"menu_order":0,"comment_status":"open","ping_status":"closed","template":"","meta":{"footnotes":""},"class_list":["post-1384","page","type-page","status-publish","hentry"],"_hostinger_reach_plugin_has_subscription_block":false,"_hostinger_reach_plugin_is_elementor":false,"_links":{"self":[{"href":"https:\/\/laragroup.com.tr\/de\/wp-json\/wp\/v2\/pages\/1384","targetHints":{"allow":["GET"]}}],"collection":[{"href":"https:\/\/laragroup.com.tr\/de\/wp-json\/wp\/v2\/pages"}],"about":[{"href":"https:\/\/laragroup.com.tr\/de\/wp-json\/wp\/v2\/types\/page"}],"author":[{"embeddable":true,"href":"https:\/\/laragroup.com.tr\/de\/wp-json\/wp\/v2\/users\/1"}],"replies":[{"embeddable":true,"href":"https:\/\/laragroup.com.tr\/de\/wp-json\/wp\/v2\/comments?post=1384"}],"version-history":[{"count":2,"href":"https:\/\/laragroup.com.tr\/de\/wp-json\/wp\/v2\/pages\/1384\/revisions"}],"predecessor-version":[{"id":1388,"href":"https:\/\/laragroup.com.tr\/de\/wp-json\/wp\/v2\/pages\/1384\/revisions\/1388"}],"wp:attachment":[{"href":"https:\/\/laragroup.com.tr\/de\/wp-json\/wp\/v2\/media?parent=1384"}],"curies":[{"name":"wp","href":"https:\/\/api.w.org\/{rel}","templated":true}]}}