{"id":1379,"date":"2026-01-02T08:30:49","date_gmt":"2026-01-02T08:30:49","guid":{"rendered":"https:\/\/laragroup.com.tr\/unsere-gruppenunternehmen\/"},"modified":"2026-03-02T06:58:57","modified_gmt":"2026-03-02T06:58:57","slug":"unsere-gruppenunternehmen","status":"publish","type":"page","link":"https:\/\/laragroup.com.tr\/de\/unsere-gruppenunternehmen\/","title":{"rendered":"Unsere Gruppenunternehmen"},"content":{"rendered":"\n<style type=\"text\/css\" data-created_by=\"avia_inline_auto\" id=\"style-css-av-mjvc4wrq-07f7c419d67a48d95d28e1321a71a5d4\">\n.avia-section.av-mjvc4wrq-07f7c419d67a48d95d28e1321a71a5d4{\nbackground-repeat:no-repeat;\nbackground-image:url(https:\/\/laragroup.com.tr\/wp-content\/uploads\/2026\/01\/firmalar-header2-scaled.webp);\nbackground-position:50% 50%;\nbackground-attachment:scroll;\n}\n<\/style>\n<div id='av_section_1'  class='avia-section av-mjvc4wrq-07f7c419d67a48d95d28e1321a71a5d4 main_color avia-section-default avia-no-border-styling  avia-builder-el-0  el_before_av_one_full  avia-builder-el-first  avia-full-stretch avia-bg-style-scroll av-minimum-height av-minimum-height-50 av-height-50  container_wrap fullsize'  data-section-bg-repeat='stretch' data-av_minimum_height_pc='50' data-av_min_height_opt='50'><div class='container av-section-cont-open' ><main  role=\"main\" itemprop=\"mainContentOfPage\"  class='template-page content  av-content-full alpha units'><div class='post-entry post-entry-type-page post-entry-1379'><div class='entry-content-wrapper clearfix'><\/div><\/div><\/main><!-- close content main element --><\/div><\/div><div id='after_section_1'  class='main_color av_default_container_wrap container_wrap fullsize'  ><div class='container av-section-cont-open' ><div class='template-page content  av-content-full alpha units'><div class='post-entry post-entry-type-page post-entry-1379'><div class='entry-content-wrapper clearfix'>\n\n<style type=\"text\/css\" data-created_by=\"avia_inline_auto\" id=\"style-css-av-1iqvia-aa71a02a1b2e7f9cd911f900388a1668\">\n.flex_column.av-1iqvia-aa71a02a1b2e7f9cd911f900388a1668{\nborder-radius:0px 0px 0px 0px;\npadding:0px 0px 0px 0px;\n}\n<\/style>\n<div  class='flex_column av-1iqvia-aa71a02a1b2e7f9cd911f900388a1668 av_one_full  avia-builder-el-1  el_after_av_section  avia-builder-el-no-sibling  first flex_column_div av-animated-generic bottom-to-top av-zero-column-padding  '     ><p>\n<style type=\"text\/css\" data-created_by=\"avia_inline_auto\" id=\"style-css-av-1dsct6-a5e9cd4533de7d202af2b8e31b064d46\">\n#top .av-special-heading.av-1dsct6-a5e9cd4533de7d202af2b8e31b064d46{\npadding-bottom:10px;\ncolor:#fd3209;\n}\nbody .av-special-heading.av-1dsct6-a5e9cd4533de7d202af2b8e31b064d46 .av-special-heading-tag .heading-char{\nfont-size:25px;\n}\n.av-special-heading.av-1dsct6-a5e9cd4533de7d202af2b8e31b064d46 .special-heading-inner-border{\nborder-color:#fd3209;\n}\n.av-special-heading.av-1dsct6-a5e9cd4533de7d202af2b8e31b064d46 .av-subheading{\nfont-size:15px;\n}\n<\/style>\n<div  class='av-special-heading av-1dsct6-a5e9cd4533de7d202af2b8e31b064d46 av-special-heading-h1 custom-color-heading blockquote modern-quote  avia-builder-el-2  el_before_av_textblock  avia-builder-el-first '><h1 class='av-special-heading-tag '  itemprop=\"headline\"  >Lara Group \u2013 <b>Unsere Unternehmen<\/b><\/h1><div class=\"special-heading-border\"><div class=\"special-heading-inner-border\"><\/div><\/div><\/div><br \/>\n\n<style type=\"text\/css\" data-created_by=\"avia_inline_auto\" id=\"style-css-av-4h6l6-babc814a2038db5c5f471d6780680438\">\n#top .av_textblock_section.av-4h6l6-babc814a2038db5c5f471d6780680438 .avia_textblock{\nfont-size:16px;\ncolor:#c9c9c9;\n}\n<\/style>\n<section  class='av_textblock_section av-4h6l6-babc814a2038db5c5f471d6780680438 '   itemscope=\"itemscope\" itemtype=\"https:\/\/schema.org\/CreativeWork\" ><div class='avia_textblock av_inherit_color'  itemprop=\"text\" ><p>Als Lara Group haben wir es uns zum Grundsatz gemacht, im Bereich der Medizintechnologien, in dem wir t\u00e4tig sind, nicht nur Produkte, sondern auch Vertrauen, Qualit\u00e4t und ethische Werte zu bieten. Unsere zentralen Werte, die unsere Unternehmenskultur pr\u00e4gen, bestimmen sowohl unsere Arbeitsweise als auch unseren Ansatz im Gesundheitssektor.<\/p>\n<p><strong>Respekt vor der menschlichen Gesundheit:<\/strong> Im Mittelpunkt all unserer T\u00e4tigkeiten steht die menschliche Gesundheit. Wir handeln im Bewusstsein, dass jedes von uns gelieferte Produkt die Lebensqualit\u00e4t eines Patienten direkt beeinflussen kann. Daher bevorzugen wir ausschlie\u00dflich Produkte, deren Zuverl\u00e4ssigkeit nachgewiesen ist und die internationalen Standards entsprechen.<\/p>\n<p><strong>Zuverl\u00e4ssigkeit:<\/strong> Transparenz, Ehrlichkeit und Nachhaltigkeit bilden die Grundlage unserer Beziehungen zu unseren Kunden. F\u00fcr Gesundheitsfachkr\u00e4fte und Einrichtungen ein verl\u00e4sslicher L\u00f6sungspartner zu sein, hat f\u00fcr uns h\u00f6chste Priorit\u00e4t.<\/p>\n<p><strong>Fachkompetenz und kontinuierliche Weiterentwicklung:<\/strong> Mit unserem insbesondere auf HNO, Allgemeinchirurgie und Neurochirurgie spezialisierten Team aktualisieren wir kontinuierlich unser branchenspezifisches Know-how. Wir verfolgen technologische Entwicklungen aufmerksam und integrieren Innovationen schnell in unsere Systeme.<\/p>\n<p><strong>Innovationsorientierung:<\/strong> W\u00e4hrend sich die Medizintechnologien rasant weiterentwickeln, streben wir danach, diesen Wandel aktiv mitzugestalten. Durch die Bedeutung, die wir Forschung und Innovation beimessen, entwickeln wir ma\u00dfgeschneiderte L\u00f6sungen f\u00fcr die Bed\u00fcrfnisse des Gesundheitssektors.<\/p>\n<p><strong>Ethische Verantwortung:<\/strong> In all unseren Gesch\u00e4ftsprozessen sind wir strikt an ethische Werte gebunden. Wir handeln im Einklang mit gesetzlichen Vorschriften, beruflichen Standards und gesellschaftlicher Verantwortung.<\/p>\n<p><strong>Qualit\u00e4tsorientierung:<\/strong> Wir arbeiten kontinuierlich an der Verbesserung unserer Produkt- und Servicequalit\u00e4t und stellen die Kundenzufriedenheit stets in den Vordergrund.<\/p>\n<p><strong>Auf der Grundlage dieser Werte schreiten wir entschlossen voran, um im Gesundheitssektor eine vertrauensw\u00fcrdige, angesehene und nachhaltige Marke zu sein.<\/strong><\/p>\n<\/div><\/section><\/p><\/div>\n","protected":false},"excerpt":{"rendered":"","protected":false},"author":1,"featured_media":0,"parent":0,"menu_order":0,"comment_status":"open","ping_status":"closed","template":"","meta":{"footnotes":""},"class_list":["post-1379","page","type-page","status-publish","hentry"],"_hostinger_reach_plugin_has_subscription_block":false,"_hostinger_reach_plugin_is_elementor":false,"_links":{"self":[{"href":"https:\/\/laragroup.com.tr\/de\/wp-json\/wp\/v2\/pages\/1379","targetHints":{"allow":["GET"]}}],"collection":[{"href":"https:\/\/laragroup.com.tr\/de\/wp-json\/wp\/v2\/pages"}],"about":[{"href":"https:\/\/laragroup.com.tr\/de\/wp-json\/wp\/v2\/types\/page"}],"author":[{"embeddable":true,"href":"https:\/\/laragroup.com.tr\/de\/wp-json\/wp\/v2\/users\/1"}],"replies":[{"embeddable":true,"href":"https:\/\/laragroup.com.tr\/de\/wp-json\/wp\/v2\/comments?post=1379"}],"version-history":[{"count":2,"href":"https:\/\/laragroup.com.tr\/de\/wp-json\/wp\/v2\/pages\/1379\/revisions"}],"predecessor-version":[{"id":1383,"href":"https:\/\/laragroup.com.tr\/de\/wp-json\/wp\/v2\/pages\/1379\/revisions\/1383"}],"wp:attachment":[{"href":"https:\/\/laragroup.com.tr\/de\/wp-json\/wp\/v2\/media?parent=1379"}],"curies":[{"name":"wp","href":"https:\/\/api.w.org\/{rel}","templated":true}]}}